{"id":509,"date":"2019-08-21T14:53:24","date_gmt":"2019-08-21T12:53:24","guid":{"rendered":"http:\/\/isaprint.fr\/?page_id=509"},"modified":"2020-05-04T09:50:52","modified_gmt":"2020-05-04T07:50:52","slug":"mentions-legales","status":"publish","type":"page","link":"https:\/\/isaprint.fr\/index.php\/mentions-legales\/","title":{"rendered":"Mentions L\u00e9gales"},"content":{"rendered":"\n<style type=\"text\/css\" data-created_by=\"avia_inline_auto\" id=\"style-css-av-8phvx-86ac309e3fe003d495acb7375981e8e7\">\n.flex_column.av-8phvx-86ac309e3fe003d495acb7375981e8e7{\nborder-radius:0px 0px 0px 0px;\npadding:0px 0px 0px 0px;\n}\n<\/style>\n<div  class='flex_column av-8phvx-86ac309e3fe003d495acb7375981e8e7 av_four_fifth  avia-builder-el-0  avia-builder-el-no-sibling  first flex_column_div av-zero-column-padding  '     ><section  class='av_textblock_section av-jzl9bu11-df4c79eebb4164f1c24530e6ae9cd815 '   itemscope=\"itemscope\" itemtype=\"https:\/\/schema.org\/CreativeWork\" ><div class='avia_textblock'  itemprop=\"text\" ><h1>Mentions l\u00e9gales<\/h1>\n<\/div><\/section><br \/>\n\n<style type=\"text\/css\" data-created_by=\"avia_inline_auto\" id=\"style-css-av-jzl9c7df-1c771bf5e15f005dec8550c08507869f\">\n#top .hr.av-jzl9c7df-1c771bf5e15f005dec8550c08507869f{\nmargin-top:5px;\nmargin-bottom:15px;\n}\n.hr.av-jzl9c7df-1c771bf5e15f005dec8550c08507869f .hr-inner{\nwidth:50px;\nborder-color:#c00c6c;\nmax-width:45%;\n}\n.hr.av-jzl9c7df-1c771bf5e15f005dec8550c08507869f .av-seperator-icon{\ncolor:#c00c6c;\n}\n.hr.av-jzl9c7df-1c771bf5e15f005dec8550c08507869f .av-seperator-icon.avia-svg-icon svg:first-child{\nfill:#c00c6c;\nstroke:#c00c6c;\n}\n<\/style>\n<div  class='hr av-jzl9c7df-1c771bf5e15f005dec8550c08507869f hr-custom  avia-builder-el-2  el_after_av_textblock  el_before_av_textblock  hr-left hr-icon-yes'><span class='hr-inner inner-border-av-border-thin'><span class=\"hr-inner-style\"><\/span><\/span><span class='av-seperator-icon avia-iconfont avia-font-entypo-fontello' data-av_icon='\ue855' data-av_iconfont='entypo-fontello' ><\/span><span class='hr-inner inner-border-av-border-thin'><span class=\"hr-inner-style\"><\/span><\/span><\/div><br \/>\n<section  class='av_textblock_section av-jzl9cn5i-70551ac3a41ccf3028e5aef21b480d3d '   itemscope=\"itemscope\" itemtype=\"https:\/\/schema.org\/CreativeWork\" ><div class='avia_textblock'  itemprop=\"text\" ><h2><\/h2>\n<p>Tous les \u00e9l\u00e9ments (textes, logos, images, \u00e9l\u00e9ments sonores, logiciels, \u00eecones,\u2026) contenus dans le site ou dans les sites associ\u00e9s sont prot\u00e9g\u00e9s par le droit de propri\u00e9t\u00e9 intellectuelle. Ainsi, aucun des documents provenant du site ne peut \u00eatre copi\u00e9, reproduit, modifi\u00e9, transmis, diffus\u00e9 d\u2019aucune mani\u00e8re que ce soit. Seul est autoris\u00e9 le t\u00e9l\u00e9chargement d\u2019une copie des documents pour votre utilisation personnelle et \u00e0 des fins non commerciales. La modification de ces documents ou leur utilisation dans un autre but constitue une infraction au droit de propri\u00e9t\u00e9 intellectuelle de ISA sarl et de ses partenaires.<\/p>\n<p><strong>Photos :<\/strong> \u00a9 Fotolia; \u00a9 ISA<\/p>\n<p><strong>Ce site internet est \u00e9dit\u00e9 par la soci\u00e9t\u00e9 ISA<\/strong><strong> SARL<br \/>\n<\/strong>Soci\u00e9t\u00e9 \u00e0 Responsabilit\u00e9s Limit\u00e9e au capital de 8 000 \u20ac<\/p>\n<p><strong>Si\u00e8ge social :<\/strong><br \/>\n<b>ISA<\/b><br \/>\n38, rue Gay Lussac<br \/>\n77290 MITRY-MORY<\/p>\n<p>T\u00e9l\u00e9phone : 09 72 10 55 75<\/p>\n<p>R.C.S. Meaux 489 322 735<br \/>\nSIRET 489 322 735 00049<br \/>\nNAF : 1812Z<\/p>\n<p>G\u00e9rante : Isabelle DE BUE<br \/>\nDirecteur de la publication : Isabelle DE BUE<\/p>\n<p><strong>Le pr\u00e9sent site est h\u00e9berg\u00e9 par :<\/strong><br \/>\nla soci\u00e9t\u00e9 OVH \u2013 2, rue Kellermann \u2013 BP80157 \u2013 \u00a059053 Roubaix Cedex 1\u2013 France<\/p>\n<p><strong>Le pr\u00e9sent site est r\u00e9alis\u00e9 par :<\/strong><br \/>\nla soci\u00e9t\u00e9 <a href=\"http:\/\/www.isaprint.fr\"><strong>ISA<\/strong><\/a>\u2013 11, rue Riant\u00a0\u2013 93200 SAINT-DENIS \u2013 France<\/p>\n<p><strong>Garantie :<br \/>\n<\/strong>Ce site web a \u00e9t\u00e9 r\u00e9alis\u00e9 avec le plus grand soin possible. Toutefois, <b>ISA <\/b>SARL ne peut pas garantir que les informations contenues soient exemptes d&rsquo;erreurs et parfaitement pr\u00e9cises. <b>ISA <\/b>SARL exclut toute responsabilit\u00e9 des dommages d\u00e9coulant directement ou indirectement de l&rsquo;utilisation de ce site web, sauf intention malveillante ou n\u00e9gligence grossi\u00e8re de <b>ISA <\/b>SARL.<\/p>\n<\/div><\/section><\/p><\/div>\n","protected":false},"excerpt":{"rendered":"","protected":false},"author":1,"featured_media":0,"parent":0,"menu_order":0,"comment_status":"closed","ping_status":"closed","template":"","meta":{"footnotes":""},"_links":{"self":[{"href":"https:\/\/isaprint.fr\/index.php\/wp-json\/wp\/v2\/pages\/509"}],"collection":[{"href":"https:\/\/isaprint.fr\/index.php\/wp-json\/wp\/v2\/pages"}],"about":[{"href":"https:\/\/isaprint.fr\/index.php\/wp-json\/wp\/v2\/types\/page"}],"author":[{"embeddable":true,"href":"https:\/\/isaprint.fr\/index.php\/wp-json\/wp\/v2\/users\/1"}],"replies":[{"embeddable":true,"href":"https:\/\/isaprint.fr\/index.php\/wp-json\/wp\/v2\/comments?post=509"}],"version-history":[{"count":6,"href":"https:\/\/isaprint.fr\/index.php\/wp-json\/wp\/v2\/pages\/509\/revisions"}],"predecessor-version":[{"id":813,"href":"https:\/\/isaprint.fr\/index.php\/wp-json\/wp\/v2\/pages\/509\/revisions\/813"}],"wp:attachment":[{"href":"https:\/\/isaprint.fr\/index.php\/wp-json\/wp\/v2\/media?parent=509"}],"curies":[{"name":"wp","href":"https:\/\/api.w.org\/{rel}","templated":true}]}}